{"id":1621,"date":"2024-05-22T09:12:02","date_gmt":"2024-05-22T07:12:02","guid":{"rendered":"https:\/\/www.omsbressan.eu\/?page_id=1621"},"modified":"2025-03-11T16:42:49","modified_gmt":"2025-03-11T15:42:49","slug":"einbauprozess-steuerungssystem","status":"publish","type":"page","link":"https:\/\/www.omsbressan.eu\/de\/paving-process-control-system\/","title":{"rendered":"Einbauprozess-Kontrollsystem"},"content":{"rendered":"<div data-elementor-type=\"wp-page\" data-elementor-id=\"1621\" class=\"elementor elementor-1621\" data-elementor-post-type=\"page\">\n\t\t\t\t\t\t<section class=\"elementor-section elementor-top-section elementor-element elementor-element-1525e90c elementor-section-boxed elementor-section-height-default elementor-section-height-default\" data-id=\"1525e90c\" data-element_type=\"section\" data-e-type=\"section\">\n\t\t\t\t\t\t<div class=\"elementor-container elementor-column-gap-default\">\n\t\t\t\t\t<div class=\"elementor-column elementor-col-50 elementor-top-column elementor-element elementor-element-4d5eb038\" data-id=\"4d5eb038\" data-element_type=\"column\" data-e-type=\"column\" data-settings=\"{&quot;background_background&quot;:&quot;classic&quot;}\">\n\t\t\t<div class=\"elementor-widget-wrap elementor-element-populated\">\n\t\t\t\t\t\t<div class=\"elementor-element elementor-element-18a81984 elementor-widget elementor-widget-heading\" data-id=\"18a81984\" data-element_type=\"widget\" data-e-type=\"widget\" data-widget_type=\"heading.default\">\n\t\t\t\t<div class=\"elementor-widget-container\">\n\t\t\t\t\t<p class=\"elementor-heading-title elementor-size-default\">22<\/p>\t\t\t\t<\/div>\n\t\t\t\t<\/div>\n\t\t\t\t\t<\/div>\n\t\t<\/div>\n\t\t\t\t<div class=\"elementor-column elementor-col-50 elementor-top-column elementor-element elementor-element-79ff6694\" data-id=\"79ff6694\" data-element_type=\"column\" data-e-type=\"column\" data-settings=\"{&quot;background_background&quot;:&quot;classic&quot;}\">\n\t\t\t<div class=\"elementor-widget-wrap elementor-element-populated\">\n\t\t\t\t\t\t<div class=\"elementor-element elementor-element-36fc0ceb elementor-widget elementor-widget-heading\" data-id=\"36fc0ceb\" data-element_type=\"widget\" data-e-type=\"widget\" data-widget_type=\"heading.default\">\n\t\t\t\t<div class=\"elementor-widget-container\">\n\t\t\t\t\t<p class=\"elementor-heading-title elementor-size-default\">SUMITOMO-Option:<\/p>\t\t\t\t<\/div>\n\t\t\t\t<\/div>\n\t\t\t\t<div class=\"elementor-element elementor-element-2898a578 elementor-widget elementor-widget-heading\" data-id=\"2898a578\" data-element_type=\"widget\" data-e-type=\"widget\" data-widget_type=\"heading.default\">\n\t\t\t\t<div class=\"elementor-widget-container\">\n\t\t\t\t\t<h1 class=\"elementor-heading-title elementor-size-default\">PPCS MOBA Paving Process Control System<\/h1>\t\t\t\t<\/div>\n\t\t\t\t<\/div>\n\t\t\t\t\t<\/div>\n\t\t<\/div>\n\t\t\t\t\t<\/div>\n\t\t<\/section>\n\t\t\t\t<section class=\"elementor-section elementor-top-section elementor-element elementor-element-bb9db60 elementor-section-boxed elementor-section-height-default elementor-section-height-default\" data-id=\"bb9db60\" data-element_type=\"section\" data-e-type=\"section\">\n\t\t\t\t\t\t<div class=\"elementor-container elementor-column-gap-default\">\n\t\t\t\t\t<div class=\"elementor-column elementor-col-100 elementor-top-column elementor-element elementor-element-47abeb3e\" data-id=\"47abeb3e\" data-element_type=\"column\" data-e-type=\"column\">\n\t\t\t<div class=\"elementor-widget-wrap elementor-element-populated\">\n\t\t\t\t\t\t<div class=\"elementor-element elementor-element-85fc144 elementor-widget elementor-widget-text-editor\" data-id=\"85fc144\" data-element_type=\"widget\" data-e-type=\"widget\" data-widget_type=\"text-editor.default\">\n\t\t\t\t<div class=\"elementor-widget-container\">\n\t\t\t\t\t\t\t\t\t<p>Das MOBA Paving Process Control-System \u00fcberwacht die Geolokalisierung der Baustelle, die Einbauma\u00dfe und durch manuelle Eingabe des Gewichts jeder Materialladung \u00fcber die Tastatur die verlegte Materialmenge. Dies erm\u00f6glicht Ihnen, am Ende der Arbeit einen vollst\u00e4ndigen und detaillierten Bericht zur\u00fcckzugeben.<\/p>\t\t\t\t\t\t\t\t<\/div>\n\t\t\t\t<\/div>\n\t\t\t\t<div class=\"elementor-element elementor-element-683ec98 elementor-widget elementor-widget-video\" data-id=\"683ec98\" data-element_type=\"widget\" data-e-type=\"widget\" data-settings=\"{&quot;video_type&quot;:&quot;hosted&quot;,&quot;autoplay&quot;:&quot;yes&quot;,&quot;play_on_mobile&quot;:&quot;yes&quot;,&quot;loop&quot;:&quot;yes&quot;,&quot;controls&quot;:&quot;yes&quot;}\" data-widget_type=\"video.default\">\n\t\t\t\t<div class=\"elementor-widget-container\">\n\t\t\t\t\t\t\t<div class=\"e-hosted-video elementor-wrapper elementor-open-inline\">\n\t\t\t\t\t<video class=\"elementor-video\" src=\"\/video\/ppcs-ing-.mp4\" autoplay=\"\" loop=\"\" controls=\"\" playsinline=\"\" controlslist=\"nodownload\"><\/video>\n\t\t\t\t<\/div>\n\t\t\t\t\t\t<\/div>\n\t\t\t\t<\/div>\n\t\t\t\t\t<\/div>\n\t\t<\/div>\n\t\t\t\t\t<\/div>\n\t\t<\/section>\n\t\t\t\t<section class=\"elementor-section elementor-top-section elementor-element elementor-element-2a0799b2 elementor-section-boxed elementor-section-height-default elementor-section-height-default\" data-id=\"2a0799b2\" data-element_type=\"section\" data-e-type=\"section\">\n\t\t\t\t\t\t<div class=\"elementor-container elementor-column-gap-default\">\n\t\t\t\t\t<div class=\"elementor-column elementor-col-50 elementor-top-column elementor-element elementor-element-10b3e16c\" data-id=\"10b3e16c\" data-element_type=\"column\" data-e-type=\"column\">\n\t\t\t<div class=\"elementor-widget-wrap elementor-element-populated\">\n\t\t\t\t\t\t<div class=\"elementor-element elementor-element-4b453cd5 elementor-position-inline-start elementor-view-default elementor-mobile-position-block-start elementor-widget elementor-widget-icon-box\" data-id=\"4b453cd5\" data-element_type=\"widget\" data-e-type=\"widget\" data-widget_type=\"icon-box.default\">\n\t\t\t\t<div class=\"elementor-widget-container\">\n\t\t\t\t\t\t\t<div class=\"elementor-icon-box-wrapper\">\n\n\t\t\t\t\t\t<div class=\"elementor-icon-box-icon\">\n\t\t\t\t<a href=\"https:\/\/www.omsbressan.eu\/de\/sumitomo-optionen\/\" class=\"elementor-icon\" tabindex=\"-1\" aria-label=\"Produkt Seite\">\n\t\t\t\t<i aria-hidden=\"true\" class=\"fas fa-arrow-alt-circle-left\"><\/i>\t\t\t\t<\/a>\n\t\t\t<\/div>\n\t\t\t\n\t\t\t\t\t\t<div class=\"elementor-icon-box-content\">\n\n\t\t\t\t\t\t\t\t\t<h5 class=\"elementor-icon-box-title\">\n\t\t\t\t\t\t<a href=\"https:\/\/www.omsbressan.eu\/de\/sumitomo-optionen\/\" >\n\t\t\t\t\t\t\tProdukt Seite\t\t\t\t\t\t<\/a>\n\t\t\t\t\t<\/h5>\n\t\t\t\t\n\t\t\t\t\n\t\t\t<\/div>\n\t\t\t\n\t\t<\/div>\n\t\t\t\t\t\t<\/div>\n\t\t\t\t<\/div>\n\t\t\t\t\t<\/div>\n\t\t<\/div>\n\t\t\t\t<div class=\"elementor-column elementor-col-50 elementor-top-column elementor-element elementor-element-53ca2051\" data-id=\"53ca2051\" data-element_type=\"column\" data-e-type=\"column\">\n\t\t\t<div class=\"elementor-widget-wrap\">\n\t\t\t\t\t\t\t<\/div>\n\t\t<\/div>\n\t\t\t\t\t<\/div>\n\t\t<\/section>\n\t\t\t\t<\/div>","protected":false},"excerpt":{"rendered":"<p>22 SUMITOMO option: PPCS Paving Process Control System The MOBA Paving Process Control system monitors the geolocation of the construction site, the paving measurements and, by manually entering the weight of each load of material via the keypad, the quantity of material laid. This allows you to return, at the end of the work, a [&hellip;]<\/p>\n","protected":false},"author":1,"featured_media":0,"parent":0,"menu_order":0,"comment_status":"closed","ping_status":"closed","template":"","meta":{"_monsterinsights_skip_tracking":false,"_monsterinsights_sitenote_active":false,"_monsterinsights_sitenote_note":"","_monsterinsights_sitenote_category":0,"footnotes":""},"class_list":["post-1621","page","type-page","status-publish","hentry"],"yoast_head":"<!-- This site is optimized with the Yoast SEO plugin v27.4 - https:\/\/yoast.com\/product\/yoast-seo-wordpress\/ -->\n<title>Paving Process Control System - OMS Bressan<\/title>\n<meta name=\"robots\" content=\"index, follow, max-snippet:-1, max-image-preview:large, max-video-preview:-1\" \/>\n<link rel=\"canonical\" href=\"https:\/\/www.omsbressan.eu\/de\/einbauprozess-steuerungssystem\/\" \/>\n<meta property=\"og:locale\" content=\"de_DE\" \/>\n<meta property=\"og:type\" content=\"article\" \/>\n<meta property=\"og:title\" content=\"Paving Process Control System - OMS Bressan\" \/>\n<meta property=\"og:description\" content=\"22 SUMITOMO option: PPCS Paving Process Control System The MOBA Paving Process Control system monitors the geolocation of the construction site, the paving measurements and, by manually entering the weight of each load of material via the keypad, the quantity of material laid. This allows you to return, at the end of the work, a [&hellip;]\" \/>\n<meta property=\"og:url\" content=\"https:\/\/www.omsbressan.eu\/de\/einbauprozess-steuerungssystem\/\" \/>\n<meta property=\"og:site_name\" content=\"OMS Bressan\" \/>\n<meta property=\"article:modified_time\" content=\"2025-03-11T15:42:49+00:00\" \/>\n<meta name=\"twitter:card\" content=\"summary_large_image\" \/>\n<meta name=\"twitter:label1\" content=\"Gesch\u00e4tzte Lesezeit\" \/>\n\t<meta name=\"twitter:data1\" content=\"1\u00a0Minute\" \/>\n<script type=\"application\/ld+json\" class=\"yoast-schema-graph\">{\"@context\":\"https:\\\/\\\/schema.org\",\"@graph\":[{\"@type\":\"WebPage\",\"@id\":\"https:\\\/\\\/www.omsbressan.eu\\\/paving-process-control-system\\\/\",\"url\":\"https:\\\/\\\/www.omsbressan.eu\\\/paving-process-control-system\\\/\",\"name\":\"Paving Process Control System - OMS Bressan\",\"isPartOf\":{\"@id\":\"https:\\\/\\\/www.omsbressan.eu\\\/#website\"},\"datePublished\":\"2024-05-22T07:12:02+00:00\",\"dateModified\":\"2025-03-11T15:42:49+00:00\",\"breadcrumb\":{\"@id\":\"https:\\\/\\\/www.omsbressan.eu\\\/paving-process-control-system\\\/#breadcrumb\"},\"inLanguage\":\"de\",\"potentialAction\":[{\"@type\":\"ReadAction\",\"target\":[\"https:\\\/\\\/www.omsbressan.eu\\\/paving-process-control-system\\\/\"]}]},{\"@type\":\"BreadcrumbList\",\"@id\":\"https:\\\/\\\/www.omsbressan.eu\\\/paving-process-control-system\\\/#breadcrumb\",\"itemListElement\":[{\"@type\":\"ListItem\",\"position\":1,\"name\":\"Home\",\"item\":\"https:\\\/\\\/www.omsbressan.eu\\\/it\\\/\"},{\"@type\":\"ListItem\",\"position\":2,\"name\":\"Paving Process Control System\"}]},{\"@type\":\"WebSite\",\"@id\":\"https:\\\/\\\/www.omsbressan.eu\\\/#website\",\"url\":\"https:\\\/\\\/www.omsbressan.eu\\\/\",\"name\":\"OMS Bressan\",\"description\":\"\",\"publisher\":{\"@id\":\"https:\\\/\\\/www.omsbressan.eu\\\/#organization\"},\"potentialAction\":[{\"@type\":\"SearchAction\",\"target\":{\"@type\":\"EntryPoint\",\"urlTemplate\":\"https:\\\/\\\/www.omsbressan.eu\\\/?s={search_term_string}\"},\"query-input\":{\"@type\":\"PropertyValueSpecification\",\"valueRequired\":true,\"valueName\":\"search_term_string\"}}],\"inLanguage\":\"de\"},{\"@type\":\"Organization\",\"@id\":\"https:\\\/\\\/www.omsbressan.eu\\\/#organization\",\"name\":\"OMS Bressan\",\"url\":\"https:\\\/\\\/www.omsbressan.eu\\\/\",\"logo\":{\"@type\":\"ImageObject\",\"inLanguage\":\"de\",\"@id\":\"https:\\\/\\\/www.omsbressan.eu\\\/#\\\/schema\\\/logo\\\/image\\\/\",\"url\":\"https:\\\/\\\/www.omsbressan.eu\\\/wp-content\\\/uploads\\\/2021\\\/03\\\/LOGO_OMS_.webp\",\"contentUrl\":\"https:\\\/\\\/www.omsbressan.eu\\\/wp-content\\\/uploads\\\/2021\\\/03\\\/LOGO_OMS_.webp\",\"width\":1920,\"height\":623,\"caption\":\"OMS Bressan\"},\"image\":{\"@id\":\"https:\\\/\\\/www.omsbressan.eu\\\/#\\\/schema\\\/logo\\\/image\\\/\"}}]}<\/script>\n<!-- \/ Yoast SEO plugin. -->","yoast_head_json":{"title":"Einbauprozess-Steuerungssystem - OMS Bressan","robots":{"index":"index","follow":"follow","max-snippet":"max-snippet:-1","max-image-preview":"max-image-preview:large","max-video-preview":"max-video-preview:-1"},"canonical":"https:\/\/www.omsbressan.eu\/de\/einbauprozess-steuerungssystem\/","og_locale":"de_DE","og_type":"article","og_title":"Paving Process Control System - OMS Bressan","og_description":"22 SUMITOMO option: PPCS Paving Process Control System The MOBA Paving Process Control system monitors the geolocation of the construction site, the paving measurements and, by manually entering the weight of each load of material via the keypad, the quantity of material laid. This allows you to return, at the end of the work, a [&hellip;]","og_url":"https:\/\/www.omsbressan.eu\/de\/einbauprozess-steuerungssystem\/","og_site_name":"OMS Bressan","article_modified_time":"2025-03-11T15:42:49+00:00","twitter_card":"summary_large_image","twitter_misc":{"Gesch\u00e4tzte Lesezeit":"1\u00a0Minute"},"schema":{"@context":"https:\/\/schema.org","@graph":[{"@type":"WebPage","@id":"https:\/\/www.omsbressan.eu\/paving-process-control-system\/","url":"https:\/\/www.omsbressan.eu\/paving-process-control-system\/","name":"Einbauprozess-Steuerungssystem - OMS Bressan","isPartOf":{"@id":"https:\/\/www.omsbressan.eu\/#website"},"datePublished":"2024-05-22T07:12:02+00:00","dateModified":"2025-03-11T15:42:49+00:00","breadcrumb":{"@id":"https:\/\/www.omsbressan.eu\/paving-process-control-system\/#breadcrumb"},"inLanguage":"de","potentialAction":[{"@type":"ReadAction","target":["https:\/\/www.omsbressan.eu\/paving-process-control-system\/"]}]},{"@type":"BreadcrumbList","@id":"https:\/\/www.omsbressan.eu\/paving-process-control-system\/#breadcrumb","itemListElement":[{"@type":"ListItem","position":1,"name":"Home","item":"https:\/\/www.omsbressan.eu\/it\/"},{"@type":"ListItem","position":2,"name":"Paving Process Control System"}]},{"@type":"WebSite","@id":"https:\/\/www.omsbressan.eu\/#website","url":"https:\/\/www.omsbressan.eu\/","name":"OMS Bressan","description":"","publisher":{"@id":"https:\/\/www.omsbressan.eu\/#organization"},"potentialAction":[{"@type":"SearchAction","target":{"@type":"EntryPoint","urlTemplate":"https:\/\/www.omsbressan.eu\/?s={search_term_string}"},"query-input":{"@type":"PropertyValueSpecification","valueRequired":true,"valueName":"search_term_string"}}],"inLanguage":"de"},{"@type":"Organization","@id":"https:\/\/www.omsbressan.eu\/#organization","name":"OMS Bressan","url":"https:\/\/www.omsbressan.eu\/","logo":{"@type":"ImageObject","inLanguage":"de","@id":"https:\/\/www.omsbressan.eu\/#\/schema\/logo\/image\/","url":"https:\/\/www.omsbressan.eu\/wp-content\/uploads\/2021\/03\/LOGO_OMS_.webp","contentUrl":"https:\/\/www.omsbressan.eu\/wp-content\/uploads\/2021\/03\/LOGO_OMS_.webp","width":1920,"height":623,"caption":"OMS Bressan"},"image":{"@id":"https:\/\/www.omsbressan.eu\/#\/schema\/logo\/image\/"}}]}},"_links":{"self":[{"href":"https:\/\/www.omsbressan.eu\/de\/wp-json\/wp\/v2\/pages\/1621","targetHints":{"allow":["GET"]}}],"collection":[{"href":"https:\/\/www.omsbressan.eu\/de\/wp-json\/wp\/v2\/pages"}],"about":[{"href":"https:\/\/www.omsbressan.eu\/de\/wp-json\/wp\/v2\/types\/page"}],"author":[{"embeddable":true,"href":"https:\/\/www.omsbressan.eu\/de\/wp-json\/wp\/v2\/users\/1"}],"replies":[{"embeddable":true,"href":"https:\/\/www.omsbressan.eu\/de\/wp-json\/wp\/v2\/comments?post=1621"}],"version-history":[{"count":28,"href":"https:\/\/www.omsbressan.eu\/de\/wp-json\/wp\/v2\/pages\/1621\/revisions"}],"predecessor-version":[{"id":3577,"href":"https:\/\/www.omsbressan.eu\/de\/wp-json\/wp\/v2\/pages\/1621\/revisions\/3577"}],"wp:attachment":[{"href":"https:\/\/www.omsbressan.eu\/de\/wp-json\/wp\/v2\/media?parent=1621"}],"curies":[{"name":"wp","href":"https:\/\/api.w.org\/{rel}","templated":true}]}}