{"id":2851,"date":"2025-02-13T15:25:00","date_gmt":"2025-02-13T14:25:00","guid":{"rendered":"https:\/\/www.omsbressan.eu\/?page_id=2851"},"modified":"2025-03-04T15:06:30","modified_gmt":"2025-03-04T14:06:30","slug":"einfacher-transport","status":"publish","type":"page","link":"https:\/\/www.omsbressan.eu\/de\/easy-transportation\/","title":{"rendered":"Einfacher Transport"},"content":{"rendered":"<div data-elementor-type=\"wp-page\" data-elementor-id=\"2851\" class=\"elementor elementor-2851\" data-elementor-post-type=\"page\">\n\t\t\t\t\t\t<section class=\"elementor-section elementor-top-section elementor-element elementor-element-12dccdd7 elementor-section-boxed elementor-section-height-default elementor-section-height-default\" data-id=\"12dccdd7\" data-element_type=\"section\" data-e-type=\"section\">\n\t\t\t\t\t\t<div class=\"elementor-container elementor-column-gap-default\">\n\t\t\t\t\t<div class=\"elementor-column elementor-col-50 elementor-top-column elementor-element elementor-element-2b6b1c49\" data-id=\"2b6b1c49\" data-element_type=\"column\" data-e-type=\"column\" data-settings=\"{&quot;background_background&quot;:&quot;classic&quot;}\">\n\t\t\t<div class=\"elementor-widget-wrap elementor-element-populated\">\n\t\t\t\t\t\t<div class=\"elementor-element elementor-element-20a6cbe3 elementor-widget elementor-widget-heading\" data-id=\"20a6cbe3\" data-element_type=\"widget\" data-e-type=\"widget\" data-widget_type=\"heading.default\">\n\t\t\t\t<div class=\"elementor-widget-container\">\n\t\t\t\t\t<p class=\"elementor-heading-title elementor-size-default\">13<\/p>\t\t\t\t<\/div>\n\t\t\t\t<\/div>\n\t\t\t\t\t<\/div>\n\t\t<\/div>\n\t\t\t\t<div class=\"elementor-column elementor-col-50 elementor-top-column elementor-element elementor-element-6d537acc\" data-id=\"6d537acc\" data-element_type=\"column\" data-e-type=\"column\" data-settings=\"{&quot;background_background&quot;:&quot;classic&quot;}\">\n\t\t\t<div class=\"elementor-widget-wrap elementor-element-populated\">\n\t\t\t\t\t\t<div class=\"elementor-element elementor-element-33fa7546 elementor-widget elementor-widget-heading\" data-id=\"33fa7546\" data-element_type=\"widget\" data-e-type=\"widget\" data-widget_type=\"heading.default\">\n\t\t\t\t<div class=\"elementor-widget-container\">\n\t\t\t\t\t<p class=\"elementor-heading-title elementor-size-default\">SUMITOMO-Funktion:<\/p>\t\t\t\t<\/div>\n\t\t\t\t<\/div>\n\t\t\t\t<div class=\"elementor-element elementor-element-450a89cf elementor-widget elementor-widget-heading\" data-id=\"450a89cf\" data-element_type=\"widget\" data-e-type=\"widget\" data-widget_type=\"heading.default\">\n\t\t\t\t<div class=\"elementor-widget-container\">\n\t\t\t\t\t<h1 class=\"elementor-heading-title elementor-size-default\">EINFACHER TRANSPORT<\/h1>\t\t\t\t<\/div>\n\t\t\t\t<\/div>\n\t\t\t\t\t<\/div>\n\t\t<\/div>\n\t\t\t\t\t<\/div>\n\t\t<\/section>\n\t\t\t\t<section class=\"elementor-section elementor-top-section elementor-element elementor-element-4b64618c elementor-section-boxed elementor-section-height-default elementor-section-height-default\" data-id=\"4b64618c\" data-element_type=\"section\" data-e-type=\"section\">\n\t\t\t\t\t\t<div class=\"elementor-container elementor-column-gap-default\">\n\t\t\t\t\t<div class=\"elementor-column elementor-col-100 elementor-top-column elementor-element elementor-element-4762cea0\" data-id=\"4762cea0\" data-element_type=\"column\" data-e-type=\"column\">\n\t\t\t<div class=\"elementor-widget-wrap elementor-element-populated\">\n\t\t\t\t\t\t<div class=\"elementor-element elementor-element-4cde08e8 elementor-widget elementor-widget-video\" data-id=\"4cde08e8\" data-element_type=\"widget\" data-e-type=\"widget\" data-settings=\"{&quot;video_type&quot;:&quot;hosted&quot;,&quot;autoplay&quot;:&quot;yes&quot;,&quot;loop&quot;:&quot;yes&quot;,&quot;play_on_mobile&quot;:&quot;yes&quot;,&quot;controls&quot;:&quot;yes&quot;}\" data-widget_type=\"video.default\">\n\t\t\t\t<div class=\"elementor-widget-container\">\n\t\t\t\t\t\t\t<div class=\"e-hosted-video elementor-wrapper elementor-open-inline\">\n\t\t\t\t\t<video class=\"elementor-video\" src=\"\/video\/Tedesco\/13_EASY TRANSPORTATION DEU.mp4\" autoplay=\"\" loop=\"\" controls=\"\" playsinline=\"\" controlslist=\"nodownload\"><\/video>\n\t\t\t\t<\/div>\n\t\t\t\t\t\t<\/div>\n\t\t\t\t<\/div>\n\t\t\t\t<div class=\"elementor-element elementor-element-1864600 elementor-widget elementor-widget-text-editor\" data-id=\"1864600\" data-element_type=\"widget\" data-e-type=\"widget\" data-widget_type=\"text-editor.default\">\n\t\t\t\t<div class=\"elementor-widget-container\">\n\t\t\t\t\t\t\t\t\t<p class=\"translation-block\">Kompaktes und modulares Design f\u00fcr einfachen Transport und Lagerung reduziert den Platzbedarf und erleichtert die Logistik. Das Verdeck kann hydraulisch abgesenkt werden, was den Transport durch die Reduzierung der Gesamth\u00f6he bequemer und effizienter macht und das Verladen auf Standardanh\u00e4nger erleichtert. In der Transportkonfiguration misst die Maschine 6590 Millimeter in der L\u00e4nge, 2490mm in der Breite und ihre H\u00f6he reduziert sich von 3.865mm auf 3.020 mm, wenn das Verdeck heruntergeklappt ist.<\/p>\t\t\t\t\t\t\t\t<\/div>\n\t\t\t\t<\/div>\n\t\t\t\t\t<\/div>\n\t\t<\/div>\n\t\t\t\t\t<\/div>\n\t\t<\/section>\n\t\t\t\t<section class=\"elementor-section elementor-top-section elementor-element elementor-element-27d35158 elementor-section-boxed elementor-section-height-default elementor-section-height-default\" data-id=\"27d35158\" data-element_type=\"section\" data-e-type=\"section\">\n\t\t\t\t\t\t<div class=\"elementor-container elementor-column-gap-default\">\n\t\t\t\t\t<div class=\"elementor-column elementor-col-50 elementor-top-column elementor-element elementor-element-6c8d6bf2\" data-id=\"6c8d6bf2\" data-element_type=\"column\" data-e-type=\"column\">\n\t\t\t<div class=\"elementor-widget-wrap elementor-element-populated\">\n\t\t\t\t\t\t<div class=\"elementor-element elementor-element-590c8556 elementor-position-inline-start elementor-view-default elementor-mobile-position-block-start elementor-widget elementor-widget-icon-box\" data-id=\"590c8556\" data-element_type=\"widget\" data-e-type=\"widget\" data-widget_type=\"icon-box.default\">\n\t\t\t\t<div class=\"elementor-widget-container\">\n\t\t\t\t\t\t\t<div class=\"elementor-icon-box-wrapper\">\n\n\t\t\t\t\t\t<div class=\"elementor-icon-box-icon\">\n\t\t\t\t<a href=\"https:\/\/www.omsbressan.eu\/de\/sumitomo-merkmale\/\" class=\"elementor-icon\" tabindex=\"-1\" aria-label=\"Produkt Seite\">\n\t\t\t\t<i aria-hidden=\"true\" class=\"fas fa-arrow-alt-circle-left\"><\/i>\t\t\t\t<\/a>\n\t\t\t<\/div>\n\t\t\t\n\t\t\t\t\t\t<div class=\"elementor-icon-box-content\">\n\n\t\t\t\t\t\t\t\t\t<h5 class=\"elementor-icon-box-title\">\n\t\t\t\t\t\t<a href=\"https:\/\/www.omsbressan.eu\/de\/sumitomo-merkmale\/\" >\n\t\t\t\t\t\t\tProdukt Seite\t\t\t\t\t\t<\/a>\n\t\t\t\t\t<\/h5>\n\t\t\t\t\n\t\t\t\t\n\t\t\t<\/div>\n\t\t\t\n\t\t<\/div>\n\t\t\t\t\t\t<\/div>\n\t\t\t\t<\/div>\n\t\t\t\t\t<\/div>\n\t\t<\/div>\n\t\t\t\t<div class=\"elementor-column elementor-col-50 elementor-top-column elementor-element elementor-element-11179cd2\" data-id=\"11179cd2\" data-element_type=\"column\" data-e-type=\"column\">\n\t\t\t<div class=\"elementor-widget-wrap\">\n\t\t\t\t\t\t\t<\/div>\n\t\t<\/div>\n\t\t\t\t\t<\/div>\n\t\t<\/section>\n\t\t\t\t<\/div>","protected":false},"excerpt":{"rendered":"<p>13 SUMITOMO feature: EASY TRANSPORT \/video\/13_EASY%20TRANSPORT_SUMITOMO.mp4 Compact and modular design to simplify transport and storage, reducing clutter and facilitating logistics.The canopy can be hydraulically lowered, making transport more convenient and efficient by reducing the overall height and facilitating loading onto standard trailers.In transport configuration, the machine measures 6,590 mm in length, 2,490 mm in width, [&hellip;]<\/p>\n","protected":false},"author":1,"featured_media":0,"parent":0,"menu_order":0,"comment_status":"closed","ping_status":"closed","template":"","meta":{"_monsterinsights_skip_tracking":false,"_monsterinsights_sitenote_active":false,"_monsterinsights_sitenote_note":"","_monsterinsights_sitenote_category":0,"footnotes":""},"class_list":["post-2851","page","type-page","status-publish","hentry"],"yoast_head":"<!-- This site is optimized with the Yoast SEO plugin v27.4 - https:\/\/yoast.com\/product\/yoast-seo-wordpress\/ -->\n<title>Easy Transportation - OMS Bressan<\/title>\n<meta name=\"robots\" content=\"index, follow, max-snippet:-1, max-image-preview:large, max-video-preview:-1\" \/>\n<link rel=\"canonical\" href=\"https:\/\/www.omsbressan.eu\/de\/einfacher-transport\/\" \/>\n<meta property=\"og:locale\" content=\"de_DE\" \/>\n<meta property=\"og:type\" content=\"article\" \/>\n<meta property=\"og:title\" content=\"Easy Transportation - OMS Bressan\" \/>\n<meta property=\"og:description\" content=\"13 SUMITOMO feature: EASY TRANSPORT \/video\/13_EASY%20TRANSPORT_SUMITOMO.mp4 Compact and modular design to simplify transport and storage, reducing clutter and facilitating logistics.The canopy can be hydraulically lowered, making transport more convenient and efficient by reducing the overall height and facilitating loading onto standard trailers.In transport configuration, the machine measures 6,590 mm in length, 2,490 mm in width, [&hellip;]\" \/>\n<meta property=\"og:url\" content=\"https:\/\/www.omsbressan.eu\/de\/einfacher-transport\/\" \/>\n<meta property=\"og:site_name\" content=\"OMS Bressan\" \/>\n<meta property=\"article:modified_time\" content=\"2025-03-04T14:06:30+00:00\" \/>\n<meta name=\"twitter:card\" content=\"summary_large_image\" \/>\n<script type=\"application\/ld+json\" class=\"yoast-schema-graph\">{\"@context\":\"https:\\\/\\\/schema.org\",\"@graph\":[{\"@type\":\"WebPage\",\"@id\":\"https:\\\/\\\/www.omsbressan.eu\\\/es\\\/easy-transportation\\\/\",\"url\":\"https:\\\/\\\/www.omsbressan.eu\\\/es\\\/easy-transportation\\\/\",\"name\":\"Easy Transportation - OMS Bressan\",\"isPartOf\":{\"@id\":\"https:\\\/\\\/www.omsbressan.eu\\\/#website\"},\"datePublished\":\"2025-02-13T14:25:00+00:00\",\"dateModified\":\"2025-03-04T14:06:30+00:00\",\"breadcrumb\":{\"@id\":\"https:\\\/\\\/www.omsbressan.eu\\\/es\\\/easy-transportation\\\/#breadcrumb\"},\"inLanguage\":\"de\",\"potentialAction\":[{\"@type\":\"ReadAction\",\"target\":[\"https:\\\/\\\/www.omsbressan.eu\\\/es\\\/easy-transportation\\\/\"]}]},{\"@type\":\"BreadcrumbList\",\"@id\":\"https:\\\/\\\/www.omsbressan.eu\\\/es\\\/easy-transportation\\\/#breadcrumb\",\"itemListElement\":[{\"@type\":\"ListItem\",\"position\":1,\"name\":\"Home\",\"item\":\"https:\\\/\\\/www.omsbressan.eu\\\/it\\\/\"},{\"@type\":\"ListItem\",\"position\":2,\"name\":\"Easy Transportation\"}]},{\"@type\":\"WebSite\",\"@id\":\"https:\\\/\\\/www.omsbressan.eu\\\/#website\",\"url\":\"https:\\\/\\\/www.omsbressan.eu\\\/\",\"name\":\"OMS Bressan\",\"description\":\"\",\"publisher\":{\"@id\":\"https:\\\/\\\/www.omsbressan.eu\\\/#organization\"},\"potentialAction\":[{\"@type\":\"SearchAction\",\"target\":{\"@type\":\"EntryPoint\",\"urlTemplate\":\"https:\\\/\\\/www.omsbressan.eu\\\/?s={search_term_string}\"},\"query-input\":{\"@type\":\"PropertyValueSpecification\",\"valueRequired\":true,\"valueName\":\"search_term_string\"}}],\"inLanguage\":\"de\"},{\"@type\":\"Organization\",\"@id\":\"https:\\\/\\\/www.omsbressan.eu\\\/#organization\",\"name\":\"OMS Bressan\",\"url\":\"https:\\\/\\\/www.omsbressan.eu\\\/\",\"logo\":{\"@type\":\"ImageObject\",\"inLanguage\":\"de\",\"@id\":\"https:\\\/\\\/www.omsbressan.eu\\\/#\\\/schema\\\/logo\\\/image\\\/\",\"url\":\"https:\\\/\\\/www.omsbressan.eu\\\/wp-content\\\/uploads\\\/2021\\\/03\\\/LOGO_OMS_.webp\",\"contentUrl\":\"https:\\\/\\\/www.omsbressan.eu\\\/wp-content\\\/uploads\\\/2021\\\/03\\\/LOGO_OMS_.webp\",\"width\":1920,\"height\":623,\"caption\":\"OMS Bressan\"},\"image\":{\"@id\":\"https:\\\/\\\/www.omsbressan.eu\\\/#\\\/schema\\\/logo\\\/image\\\/\"}}]}<\/script>\n<!-- \/ Yoast SEO plugin. -->","yoast_head_json":{"title":"Einfacher Transport - OMS Bressan","robots":{"index":"index","follow":"follow","max-snippet":"max-snippet:-1","max-image-preview":"max-image-preview:large","max-video-preview":"max-video-preview:-1"},"canonical":"https:\/\/www.omsbressan.eu\/de\/einfacher-transport\/","og_locale":"de_DE","og_type":"article","og_title":"Easy Transportation - OMS Bressan","og_description":"13 SUMITOMO feature: EASY TRANSPORT \/video\/13_EASY%20TRANSPORT_SUMITOMO.mp4 Compact and modular design to simplify transport and storage, reducing clutter and facilitating logistics.The canopy can be hydraulically lowered, making transport more convenient and efficient by reducing the overall height and facilitating loading onto standard trailers.In transport configuration, the machine measures 6,590 mm in length, 2,490 mm in width, [&hellip;]","og_url":"https:\/\/www.omsbressan.eu\/de\/einfacher-transport\/","og_site_name":"OMS Bressan","article_modified_time":"2025-03-04T14:06:30+00:00","twitter_card":"summary_large_image","schema":{"@context":"https:\/\/schema.org","@graph":[{"@type":"WebPage","@id":"https:\/\/www.omsbressan.eu\/es\/easy-transportation\/","url":"https:\/\/www.omsbressan.eu\/es\/easy-transportation\/","name":"Einfacher Transport - OMS Bressan","isPartOf":{"@id":"https:\/\/www.omsbressan.eu\/#website"},"datePublished":"2025-02-13T14:25:00+00:00","dateModified":"2025-03-04T14:06:30+00:00","breadcrumb":{"@id":"https:\/\/www.omsbressan.eu\/es\/easy-transportation\/#breadcrumb"},"inLanguage":"de","potentialAction":[{"@type":"ReadAction","target":["https:\/\/www.omsbressan.eu\/es\/easy-transportation\/"]}]},{"@type":"BreadcrumbList","@id":"https:\/\/www.omsbressan.eu\/es\/easy-transportation\/#breadcrumb","itemListElement":[{"@type":"ListItem","position":1,"name":"Home","item":"https:\/\/www.omsbressan.eu\/it\/"},{"@type":"ListItem","position":2,"name":"Easy Transportation"}]},{"@type":"WebSite","@id":"https:\/\/www.omsbressan.eu\/#website","url":"https:\/\/www.omsbressan.eu\/","name":"OMS Bressan","description":"","publisher":{"@id":"https:\/\/www.omsbressan.eu\/#organization"},"potentialAction":[{"@type":"SearchAction","target":{"@type":"EntryPoint","urlTemplate":"https:\/\/www.omsbressan.eu\/?s={search_term_string}"},"query-input":{"@type":"PropertyValueSpecification","valueRequired":true,"valueName":"search_term_string"}}],"inLanguage":"de"},{"@type":"Organization","@id":"https:\/\/www.omsbressan.eu\/#organization","name":"OMS Bressan","url":"https:\/\/www.omsbressan.eu\/","logo":{"@type":"ImageObject","inLanguage":"de","@id":"https:\/\/www.omsbressan.eu\/#\/schema\/logo\/image\/","url":"https:\/\/www.omsbressan.eu\/wp-content\/uploads\/2021\/03\/LOGO_OMS_.webp","contentUrl":"https:\/\/www.omsbressan.eu\/wp-content\/uploads\/2021\/03\/LOGO_OMS_.webp","width":1920,"height":623,"caption":"OMS Bressan"},"image":{"@id":"https:\/\/www.omsbressan.eu\/#\/schema\/logo\/image\/"}}]}},"_links":{"self":[{"href":"https:\/\/www.omsbressan.eu\/de\/wp-json\/wp\/v2\/pages\/2851","targetHints":{"allow":["GET"]}}],"collection":[{"href":"https:\/\/www.omsbressan.eu\/de\/wp-json\/wp\/v2\/pages"}],"about":[{"href":"https:\/\/www.omsbressan.eu\/de\/wp-json\/wp\/v2\/types\/page"}],"author":[{"embeddable":true,"href":"https:\/\/www.omsbressan.eu\/de\/wp-json\/wp\/v2\/users\/1"}],"replies":[{"embeddable":true,"href":"https:\/\/www.omsbressan.eu\/de\/wp-json\/wp\/v2\/comments?post=2851"}],"version-history":[{"count":16,"href":"https:\/\/www.omsbressan.eu\/de\/wp-json\/wp\/v2\/pages\/2851\/revisions"}],"predecessor-version":[{"id":3201,"href":"https:\/\/www.omsbressan.eu\/de\/wp-json\/wp\/v2\/pages\/2851\/revisions\/3201"}],"wp:attachment":[{"href":"https:\/\/www.omsbressan.eu\/de\/wp-json\/wp\/v2\/media?parent=2851"}],"curies":[{"name":"wp","href":"https:\/\/api.w.org\/{rel}","templated":true}]}}