{"id":3,"date":"2021-03-05T10:11:13","date_gmt":"2021-03-05T09:11:13","guid":{"rendered":"https:\/\/omsbressan.eu\/?page_id=3"},"modified":"2024-05-17T16:35:05","modified_gmt":"2024-05-17T14:35:05","slug":"datenschutzbestimmungen","status":"publish","type":"page","link":"https:\/\/www.omsbressan.eu\/de\/privacy-policy\/","title":{"rendered":"Datenschutzbestimmungen"},"content":{"rendered":"<div data-elementor-type=\"wp-page\" data-elementor-id=\"3\" class=\"elementor elementor-3\" data-elementor-post-type=\"page\">\n\t\t\t\t\t\t<section class=\"elementor-section elementor-top-section elementor-element elementor-element-3b50a73e elementor-section-boxed elementor-section-height-default elementor-section-height-default\" data-id=\"3b50a73e\" data-element_type=\"section\" data-e-type=\"section\">\n\t\t\t\t\t\t<div class=\"elementor-container elementor-column-gap-default\">\n\t\t\t\t\t<div class=\"elementor-column elementor-col-100 elementor-top-column elementor-element elementor-element-39a3a985\" data-id=\"39a3a985\" data-element_type=\"column\" data-e-type=\"column\">\n\t\t\t<div class=\"elementor-widget-wrap elementor-element-populated\">\n\t\t\t\t\t\t<div class=\"elementor-element elementor-element-43bc1a55 elementor-widget elementor-widget-text-editor\" data-id=\"43bc1a55\" data-element_type=\"widget\" data-e-type=\"widget\" data-widget_type=\"text-editor.default\">\n\t\t\t\t<div class=\"elementor-widget-container\">\n\t\t\t\t\t\t\t\t\t<h2 class=\"wp-block-heading\">Wer sind wir?<\/h2><p>L'indirizzo del nostro sito web \u00e8: https:\/\/omsbressan.eu.<\/p><h2 class=\"wp-block-heading\">Welche personenbezogenen Daten werden erfasst und warum werden sie erfasst?<\/h2><h3 class=\"wp-block-heading\">Kommentare<\/h3><p>Wenn Besucher Kommentare auf der Website hinterlassen, werden neben der IP-Adresse des Besuchers und dem User-Agent-String des Browsers auch die meisten Daten im Kommentar-Modul erfasst, um die Weiterleitung von Spam zu erleichtern.<\/p><p>Eine anonyme Zeichenkette, die ausgehend von Ihrer E-Mail-Adresse erstellt wird (auch als Hash bezeichnet), kann an den Gravatar-Dienst weitergegeben werden, um zu sehen, ob Sie sie verwenden. Die Datenschutzrichtlinie des Dienstes Gravatar ist hier verf\u00fcgbar: https:\/\/automattic.com\/privacy\/. Nach der Freigabe Ihres Kommentars ist Ihr Profilbild im Kommentarbereich f\u00fcr die \u00d6ffentlichkeit einsehbar.<\/p><h3 class=\"wp-block-heading\">Medien<\/h3><p>Wenn Sie Bilder auf der Website speichern, sollten Sie es vermeiden, Bilder zu speichern, die Positionsdaten (EXIF GPS) enthalten. I visitatori del sito web possono scaricare ed estrarre qualsiasi dato sulla posizione dalle immagini sul sito web.<\/p><h3 class=\"wp-block-heading\">Modulo di contatto<\/h3><h3 class=\"wp-block-heading\">Keks<\/h3><p>Wenn Sie einen Kommentar auf unserer Website abgeben, k\u00f6nnen Sie Ihren Namen, Ihre E-Mail Adresse und Ihre Website in den Cookies speichern. Diese Cookies werden f\u00fcr Ihre Bequemlichkeit verwendet, so dass Sie Ihre Daten nicht neu eingeben m\u00fcssen, wenn Sie einen neuen Kommentar abgeben. Diese Cookies haben eine Laufzeit von einem Jahr.<\/p><p>Wenn Sie die Anmeldeseite besuchen, wird ein tempor\u00e4res Cookie gesetzt, um festzustellen, ob Ihr Browser die Cookies akzeptiert. Dieses Cookie enth\u00e4lt keine pers\u00f6nlichen Daten und wird beim Verlassen des Browsers gel\u00f6scht.<\/p><p>Wenn Sie den Zugriff durchf\u00fchren, werden verschiedene Cookies gesetzt, um die Zugriffsinformationen und die Visualisierungsoptionen des Bildes zu speichern. I cookie di accesso durano due giorni mentre i cookie per le opzioni dello schermo durano un anno. Wenn Sie \"Ricordami\" ausw\u00e4hlen, bleibt Ihr Zugang f\u00fcr zwei Monate erhalten. Wenn Sie sich von Ihrem Konto abmelden, werden die Zugriffs-Cookies gel\u00f6scht.<\/p><p>Wenn Sie einen Artikel \u00e4ndern oder ver\u00f6ffentlichen, wird ein zus\u00e4tzliches Cookie in Ihrem Browser gespeichert. Dieses Cookie enth\u00e4lt keine pers\u00f6nlichen Daten, sondern zeigt einfach die ID des ge\u00e4nderten Artikels an. Scade dopo 1 giorno.<\/p><h3 class=\"wp-block-heading\">Aufgenommene Inhalte von anderen Webseiten<\/h3><p>Die Artikel auf dieser Website k\u00f6nnen eingebundene Inhalte enthalten (z.B. Videos, Bilder, Artikel, etc.). I contenuti incorporati da altri siti web si comportano esattamente allo stesso modo come se il visitatore avesse visitato l'altro sito web.<\/p><p>Diese Webseiten k\u00f6nnen Daten \u00fcber Sie erfassen, Cookies verwenden, weitere Verfolgungen von drei Seiten einbeziehen und die Interaktion mit diesen Seiten \u00fcberwachen, einschlie\u00dflich der Verfolgung Ihrer Interaktion mit dem enthaltenen Inhalt, wenn Sie ein Konto haben und mit diesen Webseiten verbunden sind.<\/p><h3 class=\"wp-block-heading\">Analytik<\/h3><h2 class=\"wp-block-heading\">Mit wem kondividieren Sie Ihre Daten?<\/h2><p>Wenn Sie eine Neuvergabe des Passworts w\u00fcnschen, wird Ihre IP-Adresse in die E-Mail mit der Neuvergabe aufgenommen.<\/p><h2 class=\"wp-block-heading\">Per quanto tempo conserviamo i tuoi dati<\/h2><p>Wenn Sie einen Kommentar abgeben, werden der Kommentar und die zugeh\u00f6rigen Metadaten f\u00fcr einen unbestimmten Zeitraum aufbewahrt. \u00c8 cos\u00ec che possiamo riconoscere e approvare automaticamente eventuali commenti successivi invece di tenerli in una coda di moderazione.<\/p><p>F\u00fcr Benutzer, die sich auf unserer Website registrieren (sofern vorhanden), speichern wir auch die pers\u00f6nlichen Informationen, die in ihrem Benutzerprofil enthalten sind. Alle Nutzer k\u00f6nnen ihre pers\u00f6nlichen Daten in jedem Moment einsehen, \u00e4ndern oder l\u00f6schen (au\u00dfer ihrem Nutzernamen, der nicht ge\u00e4ndert werden kann). Gli amministratori del sito web possono anche vedere e modificare queste informazioni.<\/p><h2 class=\"wp-block-heading\">Quali diritti hai sui tuoi dati<\/h2><p>Wenn Sie ein Konto auf dieser Website haben oder Kommentare abgegeben haben, k\u00f6nnen Sie eine Datei von der Website mit den pers\u00f6nlichen Daten, die wir von Ihnen erhalten haben, einschlie\u00dflich der Daten, die Sie uns zur Verf\u00fcgung gestellt haben, herunterladen. Puoi anche richiedere che cancelliamo tutti i dati personali che ti riguardano. Dies schlie\u00dft nicht die Daten ein, zu deren Aufbewahrung wir aus verwaltungstechnischen, rechtlichen oder sicherheitsrelevanten Gr\u00fcnden verpflichtet sind.<\/p><h2 class=\"wp-block-heading\">Dove spediamo i tuoi dati<\/h2><p>Die Kommentare der Besucher k\u00f6nnen durch einen automatischen Spam-\u00dcberpr\u00fcfungsdienst kontrolliert werden.<\/p><h2 class=\"wp-block-heading\">Le tue informazioni di contatto<\/h2><h2 class=\"wp-block-heading\">Erg\u00e4nzende Informationen<\/h2><h3 class=\"wp-block-heading\">Wie sch\u00fctzen wir Ihre Daten?<\/h3><h3 class=\"wp-block-heading\">Welche Verfahren haben wir zur Vorbeugung von Datenverletzungen vorgesehen?<\/h3><h3 class=\"wp-block-heading\">Da quali terze parti riceviamo datai<\/h3><h3 class=\"wp-block-heading\">Welchen automatisierten Entscheidungsprozess und\/oder welches Profil k\u00f6nnen wir mit den Daten des Nutzers erstellen?<\/h3><h3 class=\"wp-block-heading\">Normative Anforderungen an die Information \u00fcber den Standort<\/h3>\t\t\t\t\t\t\t\t<\/div>\n\t\t\t\t<\/div>\n\t\t\t\t\t<\/div>\n\t\t<\/div>\n\t\t\t\t\t<\/div>\n\t\t<\/section>\n\t\t\t\t<\/div>","protected":false},"excerpt":{"rendered":"<p>Chi siamo L&#8217;indirizzo del nostro sito web \u00e8: https:\/\/omsbressan.eu. Quali dati personali raccogliamo e perch\u00e9 li raccogliamo Commenti Quando i visitatori lasciano commenti sul sito, raccogliamo i dati mostrati nel modulo dei commenti oltre all&#8217;indirizzo IP del visitatore e la stringa dello user agent del browser per facilitare il rilevamento dello spam. Una stringa anonimizzata [&hellip;]<\/p>\n","protected":false},"author":1,"featured_media":0,"parent":0,"menu_order":0,"comment_status":"closed","ping_status":"closed","template":"elementor_canvas","meta":{"_monsterinsights_skip_tracking":false,"_monsterinsights_sitenote_active":false,"_monsterinsights_sitenote_note":"","_monsterinsights_sitenote_category":0,"footnotes":""},"class_list":["post-3","page","type-page","status-publish","hentry"],"yoast_head":"<!-- This site is optimized with the Yoast SEO plugin v27.4 - https:\/\/yoast.com\/product\/yoast-seo-wordpress\/ -->\n<title>Privacy policy - OMS Bressan<\/title>\n<meta name=\"robots\" content=\"index, follow, max-snippet:-1, max-image-preview:large, max-video-preview:-1\" \/>\n<link rel=\"canonical\" href=\"https:\/\/www.omsbressan.eu\/de\/datenschutzbestimmungen\/\" \/>\n<meta property=\"og:locale\" content=\"de_DE\" \/>\n<meta property=\"og:type\" content=\"article\" \/>\n<meta property=\"og:title\" content=\"Privacy policy - OMS Bressan\" \/>\n<meta property=\"og:description\" content=\"Chi siamo L&#8217;indirizzo del nostro sito web \u00e8: https:\/\/omsbressan.eu. Quali dati personali raccogliamo e perch\u00e9 li raccogliamo Commenti Quando i visitatori lasciano commenti sul sito, raccogliamo i dati mostrati nel modulo dei commenti oltre all&#8217;indirizzo IP del visitatore e la stringa dello user agent del browser per facilitare il rilevamento dello spam. Una stringa anonimizzata [&hellip;]\" \/>\n<meta property=\"og:url\" content=\"https:\/\/www.omsbressan.eu\/de\/datenschutzbestimmungen\/\" \/>\n<meta property=\"og:site_name\" content=\"OMS Bressan\" \/>\n<meta property=\"article:modified_time\" content=\"2024-05-17T14:35:05+00:00\" \/>\n<meta name=\"twitter:card\" content=\"summary_large_image\" \/>\n<meta name=\"twitter:label1\" content=\"Gesch\u00e4tzte Lesezeit\" \/>\n\t<meta name=\"twitter:data1\" content=\"4\u00a0Minuten\" \/>\n<script type=\"application\/ld+json\" class=\"yoast-schema-graph\">{\"@context\":\"https:\\\/\\\/schema.org\",\"@graph\":[{\"@type\":\"WebPage\",\"@id\":\"https:\\\/\\\/www.omsbressan.eu\\\/es\\\/privacy-policy\\\/\",\"url\":\"https:\\\/\\\/www.omsbressan.eu\\\/es\\\/privacy-policy\\\/\",\"name\":\"Privacy policy - OMS Bressan\",\"isPartOf\":{\"@id\":\"https:\\\/\\\/www.omsbressan.eu\\\/#website\"},\"datePublished\":\"2021-03-05T09:11:13+00:00\",\"dateModified\":\"2024-05-17T14:35:05+00:00\",\"breadcrumb\":{\"@id\":\"https:\\\/\\\/www.omsbressan.eu\\\/es\\\/privacy-policy\\\/#breadcrumb\"},\"inLanguage\":\"de\",\"potentialAction\":[{\"@type\":\"ReadAction\",\"target\":[\"https:\\\/\\\/www.omsbressan.eu\\\/es\\\/privacy-policy\\\/\"]}]},{\"@type\":\"BreadcrumbList\",\"@id\":\"https:\\\/\\\/www.omsbressan.eu\\\/es\\\/privacy-policy\\\/#breadcrumb\",\"itemListElement\":[{\"@type\":\"ListItem\",\"position\":1,\"name\":\"Home\",\"item\":\"https:\\\/\\\/www.omsbressan.eu\\\/it\\\/\"},{\"@type\":\"ListItem\",\"position\":2,\"name\":\"Privacy policy\"}]},{\"@type\":\"WebSite\",\"@id\":\"https:\\\/\\\/www.omsbressan.eu\\\/#website\",\"url\":\"https:\\\/\\\/www.omsbressan.eu\\\/\",\"name\":\"OMS Bressan\",\"description\":\"\",\"publisher\":{\"@id\":\"https:\\\/\\\/www.omsbressan.eu\\\/#organization\"},\"potentialAction\":[{\"@type\":\"SearchAction\",\"target\":{\"@type\":\"EntryPoint\",\"urlTemplate\":\"https:\\\/\\\/www.omsbressan.eu\\\/?s={search_term_string}\"},\"query-input\":{\"@type\":\"PropertyValueSpecification\",\"valueRequired\":true,\"valueName\":\"search_term_string\"}}],\"inLanguage\":\"de\"},{\"@type\":\"Organization\",\"@id\":\"https:\\\/\\\/www.omsbressan.eu\\\/#organization\",\"name\":\"OMS Bressan\",\"url\":\"https:\\\/\\\/www.omsbressan.eu\\\/\",\"logo\":{\"@type\":\"ImageObject\",\"inLanguage\":\"de\",\"@id\":\"https:\\\/\\\/www.omsbressan.eu\\\/#\\\/schema\\\/logo\\\/image\\\/\",\"url\":\"https:\\\/\\\/www.omsbressan.eu\\\/wp-content\\\/uploads\\\/2021\\\/03\\\/LOGO_OMS_.webp\",\"contentUrl\":\"https:\\\/\\\/www.omsbressan.eu\\\/wp-content\\\/uploads\\\/2021\\\/03\\\/LOGO_OMS_.webp\",\"width\":1920,\"height\":623,\"caption\":\"OMS Bressan\"},\"image\":{\"@id\":\"https:\\\/\\\/www.omsbressan.eu\\\/#\\\/schema\\\/logo\\\/image\\\/\"}}]}<\/script>\n<!-- \/ Yoast SEO plugin. -->","yoast_head_json":{"title":"Datenschutzerkl\u00e4rung - OMS Bressan","robots":{"index":"index","follow":"follow","max-snippet":"max-snippet:-1","max-image-preview":"max-image-preview:large","max-video-preview":"max-video-preview:-1"},"canonical":"https:\/\/www.omsbressan.eu\/de\/datenschutzbestimmungen\/","og_locale":"de_DE","og_type":"article","og_title":"Privacy policy - OMS Bressan","og_description":"Chi siamo L&#8217;indirizzo del nostro sito web \u00e8: https:\/\/omsbressan.eu. Quali dati personali raccogliamo e perch\u00e9 li raccogliamo Commenti Quando i visitatori lasciano commenti sul sito, raccogliamo i dati mostrati nel modulo dei commenti oltre all&#8217;indirizzo IP del visitatore e la stringa dello user agent del browser per facilitare il rilevamento dello spam. Una stringa anonimizzata [&hellip;]","og_url":"https:\/\/www.omsbressan.eu\/de\/datenschutzbestimmungen\/","og_site_name":"OMS Bressan","article_modified_time":"2024-05-17T14:35:05+00:00","twitter_card":"summary_large_image","twitter_misc":{"Gesch\u00e4tzte Lesezeit":"4\u00a0Minuten"},"schema":{"@context":"https:\/\/schema.org","@graph":[{"@type":"WebPage","@id":"https:\/\/www.omsbressan.eu\/es\/privacy-policy\/","url":"https:\/\/www.omsbressan.eu\/es\/privacy-policy\/","name":"Datenschutzerkl\u00e4rung - OMS Bressan","isPartOf":{"@id":"https:\/\/www.omsbressan.eu\/#website"},"datePublished":"2021-03-05T09:11:13+00:00","dateModified":"2024-05-17T14:35:05+00:00","breadcrumb":{"@id":"https:\/\/www.omsbressan.eu\/es\/privacy-policy\/#breadcrumb"},"inLanguage":"de","potentialAction":[{"@type":"ReadAction","target":["https:\/\/www.omsbressan.eu\/es\/privacy-policy\/"]}]},{"@type":"BreadcrumbList","@id":"https:\/\/www.omsbressan.eu\/es\/privacy-policy\/#breadcrumb","itemListElement":[{"@type":"ListItem","position":1,"name":"Home","item":"https:\/\/www.omsbressan.eu\/it\/"},{"@type":"ListItem","position":2,"name":"Privacy policy"}]},{"@type":"WebSite","@id":"https:\/\/www.omsbressan.eu\/#website","url":"https:\/\/www.omsbressan.eu\/","name":"OMS Bressan","description":"","publisher":{"@id":"https:\/\/www.omsbressan.eu\/#organization"},"potentialAction":[{"@type":"SearchAction","target":{"@type":"EntryPoint","urlTemplate":"https:\/\/www.omsbressan.eu\/?s={search_term_string}"},"query-input":{"@type":"PropertyValueSpecification","valueRequired":true,"valueName":"search_term_string"}}],"inLanguage":"de"},{"@type":"Organization","@id":"https:\/\/www.omsbressan.eu\/#organization","name":"OMS Bressan","url":"https:\/\/www.omsbressan.eu\/","logo":{"@type":"ImageObject","inLanguage":"de","@id":"https:\/\/www.omsbressan.eu\/#\/schema\/logo\/image\/","url":"https:\/\/www.omsbressan.eu\/wp-content\/uploads\/2021\/03\/LOGO_OMS_.webp","contentUrl":"https:\/\/www.omsbressan.eu\/wp-content\/uploads\/2021\/03\/LOGO_OMS_.webp","width":1920,"height":623,"caption":"OMS Bressan"},"image":{"@id":"https:\/\/www.omsbressan.eu\/#\/schema\/logo\/image\/"}}]}},"_links":{"self":[{"href":"https:\/\/www.omsbressan.eu\/de\/wp-json\/wp\/v2\/pages\/3","targetHints":{"allow":["GET"]}}],"collection":[{"href":"https:\/\/www.omsbressan.eu\/de\/wp-json\/wp\/v2\/pages"}],"about":[{"href":"https:\/\/www.omsbressan.eu\/de\/wp-json\/wp\/v2\/types\/page"}],"author":[{"embeddable":true,"href":"https:\/\/www.omsbressan.eu\/de\/wp-json\/wp\/v2\/users\/1"}],"replies":[{"embeddable":true,"href":"https:\/\/www.omsbressan.eu\/de\/wp-json\/wp\/v2\/comments?post=3"}],"version-history":[{"count":4,"href":"https:\/\/www.omsbressan.eu\/de\/wp-json\/wp\/v2\/pages\/3\/revisions"}],"predecessor-version":[{"id":1246,"href":"https:\/\/www.omsbressan.eu\/de\/wp-json\/wp\/v2\/pages\/3\/revisions\/1246"}],"wp:attachment":[{"href":"https:\/\/www.omsbressan.eu\/de\/wp-json\/wp\/v2\/media?parent=3"}],"curies":[{"name":"wp","href":"https:\/\/api.w.org\/{rel}","templated":true}]}}