{"id":2530,"date":"2024-05-28T12:09:37","date_gmt":"2024-05-28T10:09:37","guid":{"rendered":"https:\/\/www.omsbressan.eu\/?page_id=2530"},"modified":"2024-05-28T12:11:54","modified_gmt":"2024-05-28T10:11:54","slug":"camara-de-vision-delantera-2","status":"publish","type":"page","link":"https:\/\/www.omsbressan.eu\/es\/front-view-camera-2\/","title":{"rendered":"C\u00e1mara de visi\u00f3n delantera"},"content":{"rendered":"<div data-elementor-type=\"wp-page\" data-elementor-id=\"2530\" class=\"elementor elementor-2530\" data-elementor-post-type=\"page\">\n\t\t\t\t\t\t<section class=\"elementor-section elementor-top-section elementor-element elementor-element-12533682 elementor-section-boxed elementor-section-height-default elementor-section-height-default\" data-id=\"12533682\" data-element_type=\"section\" data-e-type=\"section\">\n\t\t\t\t\t\t<div class=\"elementor-container elementor-column-gap-default\">\n\t\t\t\t\t<div class=\"elementor-column elementor-col-50 elementor-top-column elementor-element elementor-element-366bc1aa\" data-id=\"366bc1aa\" data-element_type=\"column\" data-e-type=\"column\" data-settings=\"{&quot;background_background&quot;:&quot;classic&quot;}\">\n\t\t\t<div class=\"elementor-widget-wrap elementor-element-populated\">\n\t\t\t\t\t\t<div class=\"elementor-element elementor-element-206e85b1 elementor-widget elementor-widget-heading\" data-id=\"206e85b1\" data-element_type=\"widget\" data-e-type=\"widget\" data-widget_type=\"heading.default\">\n\t\t\t\t<div class=\"elementor-widget-container\">\n\t\t\t\t\t<p class=\"elementor-heading-title elementor-size-default\">13<\/p>\t\t\t\t<\/div>\n\t\t\t\t<\/div>\n\t\t\t\t\t<\/div>\n\t\t<\/div>\n\t\t\t\t<div class=\"elementor-column elementor-col-50 elementor-top-column elementor-element elementor-element-3367630a\" data-id=\"3367630a\" data-element_type=\"column\" data-e-type=\"column\" data-settings=\"{&quot;background_background&quot;:&quot;classic&quot;}\">\n\t\t\t<div class=\"elementor-widget-wrap elementor-element-populated\">\n\t\t\t\t\t\t<div class=\"elementor-element elementor-element-1b83708 elementor-widget elementor-widget-heading\" data-id=\"1b83708\" data-element_type=\"widget\" data-e-type=\"widget\" data-widget_type=\"heading.default\">\n\t\t\t\t<div class=\"elementor-widget-container\">\n\t\t\t\t\t<p class=\"elementor-heading-title elementor-size-default\">Caracter\u00edstica HANTA F1432W5:<\/p>\t\t\t\t<\/div>\n\t\t\t\t<\/div>\n\t\t\t\t<div class=\"elementor-element elementor-element-76b45bb6 elementor-widget elementor-widget-heading\" data-id=\"76b45bb6\" data-element_type=\"widget\" data-e-type=\"widget\" data-widget_type=\"heading.default\">\n\t\t\t\t<div class=\"elementor-widget-container\">\n\t\t\t\t\t<h1 class=\"elementor-heading-title elementor-size-default\">C\u00e1mara de visi\u00f3n delantera<\/h1>\t\t\t\t<\/div>\n\t\t\t\t<\/div>\n\t\t\t\t\t<\/div>\n\t\t<\/div>\n\t\t\t\t\t<\/div>\n\t\t<\/section>\n\t\t\t\t<section class=\"elementor-section elementor-top-section elementor-element elementor-element-2c848e83 elementor-section-boxed elementor-section-height-default elementor-section-height-default\" data-id=\"2c848e83\" data-element_type=\"section\" data-e-type=\"section\">\n\t\t\t\t\t\t<div class=\"elementor-container elementor-column-gap-default\">\n\t\t\t\t\t<div class=\"elementor-column elementor-col-100 elementor-top-column elementor-element elementor-element-4f18693d\" data-id=\"4f18693d\" data-element_type=\"column\" data-e-type=\"column\">\n\t\t\t<div class=\"elementor-widget-wrap elementor-element-populated\">\n\t\t\t\t\t\t<div class=\"elementor-element elementor-element-1d726a2c elementor-widget elementor-widget-image\" data-id=\"1d726a2c\" data-element_type=\"widget\" data-e-type=\"widget\" data-widget_type=\"image.default\">\n\t\t\t\t<div class=\"elementor-widget-container\">\n\t\t\t\t\t\t\t\t\t\t\t\t\t\t\t<img fetchpriority=\"high\" decoding=\"async\" width=\"800\" height=\"600\" src=\"https:\/\/www.omsbressan.eu\/wp-content\/uploads\/2024\/05\/Front-view-camera.webp\" class=\"attachment-large size-large wp-image-2462\" alt=\"\" srcset=\"https:\/\/www.omsbressan.eu\/wp-content\/uploads\/2024\/05\/Front-view-camera.webp 810w, https:\/\/www.omsbressan.eu\/wp-content\/uploads\/2024\/05\/Front-view-camera-300x225.webp 300w, https:\/\/www.omsbressan.eu\/wp-content\/uploads\/2024\/05\/Front-view-camera-768x576.webp 768w\" sizes=\"(max-width: 800px) 100vw, 800px\" \/>\t\t\t\t\t\t\t\t\t\t\t\t\t\t\t<\/div>\n\t\t\t\t<\/div>\n\t\t\t\t\t<\/div>\n\t\t<\/div>\n\t\t\t\t\t<\/div>\n\t\t<\/section>\n\t\t\t\t<section class=\"elementor-section elementor-top-section elementor-element elementor-element-64f95c4d elementor-section-boxed elementor-section-height-default elementor-section-height-default\" data-id=\"64f95c4d\" data-element_type=\"section\" data-e-type=\"section\">\n\t\t\t\t\t\t<div class=\"elementor-container elementor-column-gap-default\">\n\t\t\t\t\t<div class=\"elementor-column elementor-col-50 elementor-top-column elementor-element elementor-element-2209e4d9\" data-id=\"2209e4d9\" data-element_type=\"column\" data-e-type=\"column\" data-settings=\"{&quot;background_background&quot;:&quot;classic&quot;}\">\n\t\t\t<div class=\"elementor-widget-wrap elementor-element-populated\">\n\t\t\t\t\t\t<div class=\"elementor-element elementor-element-b7e16b0 elementor-view-default elementor-widget elementor-widget-icon\" data-id=\"b7e16b0\" data-element_type=\"widget\" data-e-type=\"widget\" data-widget_type=\"icon.default\">\n\t\t\t\t<div class=\"elementor-widget-container\">\n\t\t\t\t\t\t\t<div class=\"elementor-icon-wrapper\">\n\t\t\t<div class=\"elementor-icon\">\n\t\t\t<i aria-hidden=\"true\" class=\"fas fa-download\"><\/i>\t\t\t<\/div>\n\t\t<\/div>\n\t\t\t\t\t\t<\/div>\n\t\t\t\t<\/div>\n\t\t\t\t\t<\/div>\n\t\t<\/div>\n\t\t\t\t<div class=\"elementor-column elementor-col-50 elementor-top-column elementor-element elementor-element-be050b0\" data-id=\"be050b0\" data-element_type=\"column\" data-e-type=\"column\" data-settings=\"{&quot;background_background&quot;:&quot;classic&quot;}\">\n\t\t\t<div class=\"elementor-widget-wrap elementor-element-populated\">\n\t\t\t\t\t\t<div class=\"elementor-element elementor-element-1efeb28d elementor-mobile-align-left elementor-widget elementor-widget-button\" data-id=\"1efeb28d\" data-element_type=\"widget\" data-e-type=\"widget\" data-widget_type=\"button.default\">\n\t\t\t\t<div class=\"elementor-widget-container\">\n\t\t\t\t\t\t\t\t\t<div class=\"elementor-button-wrapper\">\n\t\t\t\t\t<a class=\"elementor-button elementor-size-sm\" role=\"button\">\n\t\t\t\t\t\t<span class=\"elementor-button-content-wrapper\">\n\t\t\t\t\t\t\t\t\t<span class=\"elementor-button-text\">IMPRIMIR \/ DESCARGAR PDF<\/span>\n\t\t\t\t\t<\/span>\n\t\t\t\t\t<\/a>\n\t\t\t\t<\/div>\n\t\t\t\t\t\t\t\t<\/div>\n\t\t\t\t<\/div>\n\t\t\t\t\t<\/div>\n\t\t<\/div>\n\t\t\t\t\t<\/div>\n\t\t<\/section>\n\t\t\t\t<section class=\"elementor-section elementor-top-section elementor-element elementor-element-77f99954 elementor-section-boxed elementor-section-height-default elementor-section-height-default\" data-id=\"77f99954\" data-element_type=\"section\" data-e-type=\"section\">\n\t\t\t\t\t\t<div class=\"elementor-container elementor-column-gap-default\">\n\t\t\t\t\t<div class=\"elementor-column elementor-col-50 elementor-top-column elementor-element elementor-element-48a71479\" data-id=\"48a71479\" data-element_type=\"column\" data-e-type=\"column\" data-settings=\"{&quot;background_background&quot;:&quot;classic&quot;}\">\n\t\t\t<div class=\"elementor-widget-wrap elementor-element-populated\">\n\t\t\t\t\t\t<div class=\"elementor-element elementor-element-60649158 elementor-view-default elementor-widget elementor-widget-icon\" data-id=\"60649158\" data-element_type=\"widget\" data-e-type=\"widget\" data-widget_type=\"icon.default\">\n\t\t\t\t<div class=\"elementor-widget-container\">\n\t\t\t\t\t\t\t<div class=\"elementor-icon-wrapper\">\n\t\t\t<div class=\"elementor-icon\">\n\t\t\t<i aria-hidden=\"true\" class=\"fas fa-user\"><\/i>\t\t\t<\/div>\n\t\t<\/div>\n\t\t\t\t\t\t<\/div>\n\t\t\t\t<\/div>\n\t\t\t\t\t<\/div>\n\t\t<\/div>\n\t\t\t\t<div class=\"elementor-column elementor-col-50 elementor-top-column elementor-element elementor-element-4e1e1d04\" data-id=\"4e1e1d04\" data-element_type=\"column\" data-e-type=\"column\" data-settings=\"{&quot;background_background&quot;:&quot;classic&quot;}\">\n\t\t\t<div class=\"elementor-widget-wrap elementor-element-populated\">\n\t\t\t\t\t\t<div class=\"elementor-element elementor-element-57fd1ee elementor-mobile-align-left elementor-widget elementor-widget-button\" data-id=\"57fd1ee\" data-element_type=\"widget\" data-e-type=\"widget\" data-widget_type=\"button.default\">\n\t\t\t\t<div class=\"elementor-widget-container\">\n\t\t\t\t\t\t\t\t\t<div class=\"elementor-button-wrapper\">\n\t\t\t\t\t<a class=\"elementor-button elementor-button-link elementor-size-sm\" href=\"https:\/\/www.omsbressan.eu\/es\/contacto\/\">\n\t\t\t\t\t\t<span class=\"elementor-button-content-wrapper\">\n\t\t\t\t\t\t\t\t\t<span class=\"elementor-button-text\">CONT\u00c1CTENOS<\/span>\n\t\t\t\t\t<\/span>\n\t\t\t\t\t<\/a>\n\t\t\t\t<\/div>\n\t\t\t\t\t\t\t\t<\/div>\n\t\t\t\t<\/div>\n\t\t\t\t\t<\/div>\n\t\t<\/div>\n\t\t\t\t\t<\/div>\n\t\t<\/section>\n\t\t\t\t<section class=\"elementor-section elementor-top-section elementor-element elementor-element-5d255184 elementor-section-boxed elementor-section-height-default elementor-section-height-default\" data-id=\"5d255184\" data-element_type=\"section\" data-e-type=\"section\">\n\t\t\t\t\t\t<div class=\"elementor-container elementor-column-gap-default\">\n\t\t\t\t\t<div class=\"elementor-column elementor-col-50 elementor-top-column elementor-element elementor-element-5f628b3e\" data-id=\"5f628b3e\" data-element_type=\"column\" data-e-type=\"column\">\n\t\t\t<div class=\"elementor-widget-wrap elementor-element-populated\">\n\t\t\t\t\t\t<div class=\"elementor-element elementor-element-50dedec2 elementor-position-inline-start elementor-view-default elementor-mobile-position-block-start elementor-widget elementor-widget-icon-box\" data-id=\"50dedec2\" data-element_type=\"widget\" data-e-type=\"widget\" data-widget_type=\"icon-box.default\">\n\t\t\t\t<div class=\"elementor-widget-container\">\n\t\t\t\t\t\t\t<div class=\"elementor-icon-box-wrapper\">\n\n\t\t\t\t\t\t<div class=\"elementor-icon-box-icon\">\n\t\t\t\t<a href=\"https:\/\/www.omsbressan.eu\/es\/hanta-f1432w5\/\" class=\"elementor-icon\" tabindex=\"-1\" aria-label=\"P\u00e1gina del producto\">\n\t\t\t\t<i aria-hidden=\"true\" class=\"fas fa-arrow-alt-circle-left\"><\/i>\t\t\t\t<\/a>\n\t\t\t<\/div>\n\t\t\t\n\t\t\t\t\t\t<div class=\"elementor-icon-box-content\">\n\n\t\t\t\t\t\t\t\t\t<h5 class=\"elementor-icon-box-title\">\n\t\t\t\t\t\t<a href=\"https:\/\/www.omsbressan.eu\/es\/hanta-f1432w5\/\" >\n\t\t\t\t\t\t\tP\u00e1gina del producto\t\t\t\t\t\t<\/a>\n\t\t\t\t\t<\/h5>\n\t\t\t\t\n\t\t\t\t\n\t\t\t<\/div>\n\t\t\t\n\t\t<\/div>\n\t\t\t\t\t\t<\/div>\n\t\t\t\t<\/div>\n\t\t\t\t\t<\/div>\n\t\t<\/div>\n\t\t\t\t<div class=\"elementor-column elementor-col-50 elementor-top-column elementor-element elementor-element-28639330\" data-id=\"28639330\" data-element_type=\"column\" data-e-type=\"column\">\n\t\t\t<div class=\"elementor-widget-wrap\">\n\t\t\t\t\t\t\t<\/div>\n\t\t<\/div>\n\t\t\t\t\t<\/div>\n\t\t<\/section>\n\t\t\t\t<\/div>","protected":false},"excerpt":{"rendered":"<p>13 HANTA F1432W5 caracter\u00edstica: C\u00e1mara de visi\u00f3n frontal IMPRIMIR \/ DESCARGAR PDF CONTACTO P\u00e1gina de producto<\/p>","protected":false},"author":1,"featured_media":0,"parent":0,"menu_order":0,"comment_status":"closed","ping_status":"closed","template":"","meta":{"_monsterinsights_skip_tracking":false,"_monsterinsights_sitenote_active":false,"_monsterinsights_sitenote_note":"","_monsterinsights_sitenote_category":0,"footnotes":""},"class_list":["post-2530","page","type-page","status-publish","hentry"],"yoast_head":"<!-- This site is optimized with the Yoast SEO plugin v27.4 - https:\/\/yoast.com\/product\/yoast-seo-wordpress\/ -->\n<title>Front view camera - OMS Bressan<\/title>\n<meta name=\"robots\" content=\"index, follow, max-snippet:-1, max-image-preview:large, max-video-preview:-1\" \/>\n<link rel=\"canonical\" href=\"https:\/\/www.omsbressan.eu\/es\/camara-de-vision-delantera-2\/\" \/>\n<meta property=\"og:locale\" content=\"es_ES\" \/>\n<meta property=\"og:type\" content=\"article\" \/>\n<meta property=\"og:title\" content=\"Front view camera - OMS Bressan\" \/>\n<meta property=\"og:description\" content=\"13 HANTA F1432W5 feature: Front view camera PRINT \/ DOWNLOAD PDF CONTACT US Product page\" \/>\n<meta property=\"og:url\" content=\"https:\/\/www.omsbressan.eu\/es\/camara-de-vision-delantera-2\/\" \/>\n<meta property=\"og:site_name\" content=\"OMS Bressan\" \/>\n<meta property=\"article:modified_time\" content=\"2024-05-28T10:11:54+00:00\" \/>\n<meta property=\"og:image\" content=\"https:\/\/www.omsbressan.eu\/wp-content\/uploads\/2024\/05\/Front-view-camera.webp\" \/>\n<meta name=\"twitter:card\" content=\"summary_large_image\" \/>\n<meta name=\"twitter:label1\" content=\"Tiempo de lectura\" \/>\n\t<meta name=\"twitter:data1\" content=\"1 minuto\" \/>\n<script type=\"application\/ld+json\" class=\"yoast-schema-graph\">{\"@context\":\"https:\\\/\\\/schema.org\",\"@graph\":[{\"@type\":\"WebPage\",\"@id\":\"https:\\\/\\\/www.omsbressan.eu\\\/es\\\/front-view-camera-2\\\/\",\"url\":\"https:\\\/\\\/www.omsbressan.eu\\\/es\\\/front-view-camera-2\\\/\",\"name\":\"Front view camera - OMS Bressan\",\"isPartOf\":{\"@id\":\"https:\\\/\\\/www.omsbressan.eu\\\/#website\"},\"primaryImageOfPage\":{\"@id\":\"https:\\\/\\\/www.omsbressan.eu\\\/es\\\/front-view-camera-2\\\/#primaryimage\"},\"image\":{\"@id\":\"https:\\\/\\\/www.omsbressan.eu\\\/es\\\/front-view-camera-2\\\/#primaryimage\"},\"thumbnailUrl\":\"https:\\\/\\\/www.omsbressan.eu\\\/wp-content\\\/uploads\\\/2024\\\/05\\\/Front-view-camera.webp\",\"datePublished\":\"2024-05-28T10:09:37+00:00\",\"dateModified\":\"2024-05-28T10:11:54+00:00\",\"breadcrumb\":{\"@id\":\"https:\\\/\\\/www.omsbressan.eu\\\/es\\\/front-view-camera-2\\\/#breadcrumb\"},\"inLanguage\":\"es\",\"potentialAction\":[{\"@type\":\"ReadAction\",\"target\":[\"https:\\\/\\\/www.omsbressan.eu\\\/es\\\/front-view-camera-2\\\/\"]}]},{\"@type\":\"ImageObject\",\"inLanguage\":\"es\",\"@id\":\"https:\\\/\\\/www.omsbressan.eu\\\/es\\\/front-view-camera-2\\\/#primaryimage\",\"url\":\"https:\\\/\\\/www.omsbressan.eu\\\/wp-content\\\/uploads\\\/2024\\\/05\\\/Front-view-camera.webp\",\"contentUrl\":\"https:\\\/\\\/www.omsbressan.eu\\\/wp-content\\\/uploads\\\/2024\\\/05\\\/Front-view-camera.webp\"},{\"@type\":\"BreadcrumbList\",\"@id\":\"https:\\\/\\\/www.omsbressan.eu\\\/es\\\/front-view-camera-2\\\/#breadcrumb\",\"itemListElement\":[{\"@type\":\"ListItem\",\"position\":1,\"name\":\"Home\",\"item\":\"https:\\\/\\\/www.omsbressan.eu\\\/it\\\/\"},{\"@type\":\"ListItem\",\"position\":2,\"name\":\"Front view camera\"}]},{\"@type\":\"WebSite\",\"@id\":\"https:\\\/\\\/www.omsbressan.eu\\\/#website\",\"url\":\"https:\\\/\\\/www.omsbressan.eu\\\/\",\"name\":\"OMS Bressan\",\"description\":\"\",\"publisher\":{\"@id\":\"https:\\\/\\\/www.omsbressan.eu\\\/#organization\"},\"potentialAction\":[{\"@type\":\"SearchAction\",\"target\":{\"@type\":\"EntryPoint\",\"urlTemplate\":\"https:\\\/\\\/www.omsbressan.eu\\\/?s={search_term_string}\"},\"query-input\":{\"@type\":\"PropertyValueSpecification\",\"valueRequired\":true,\"valueName\":\"search_term_string\"}}],\"inLanguage\":\"es\"},{\"@type\":\"Organization\",\"@id\":\"https:\\\/\\\/www.omsbressan.eu\\\/#organization\",\"name\":\"OMS Bressan\",\"url\":\"https:\\\/\\\/www.omsbressan.eu\\\/\",\"logo\":{\"@type\":\"ImageObject\",\"inLanguage\":\"es\",\"@id\":\"https:\\\/\\\/www.omsbressan.eu\\\/#\\\/schema\\\/logo\\\/image\\\/\",\"url\":\"https:\\\/\\\/www.omsbressan.eu\\\/wp-content\\\/uploads\\\/2021\\\/03\\\/LOGO_OMS_.webp\",\"contentUrl\":\"https:\\\/\\\/www.omsbressan.eu\\\/wp-content\\\/uploads\\\/2021\\\/03\\\/LOGO_OMS_.webp\",\"width\":1920,\"height\":623,\"caption\":\"OMS Bressan\"},\"image\":{\"@id\":\"https:\\\/\\\/www.omsbressan.eu\\\/#\\\/schema\\\/logo\\\/image\\\/\"}}]}<\/script>\n<!-- \/ Yoast SEO plugin. -->","yoast_head_json":{"title":"C\u00e1mara de visi\u00f3n delantera - OMS Bressan","robots":{"index":"index","follow":"follow","max-snippet":"max-snippet:-1","max-image-preview":"max-image-preview:large","max-video-preview":"max-video-preview:-1"},"canonical":"https:\/\/www.omsbressan.eu\/es\/camara-de-vision-delantera-2\/","og_locale":"es_ES","og_type":"article","og_title":"Front view camera - OMS Bressan","og_description":"13 HANTA F1432W5 feature: Front view camera PRINT \/ DOWNLOAD PDF CONTACT US Product page","og_url":"https:\/\/www.omsbressan.eu\/es\/camara-de-vision-delantera-2\/","og_site_name":"OMS Bressan","article_modified_time":"2024-05-28T10:11:54+00:00","og_image":[{"url":"https:\/\/www.omsbressan.eu\/wp-content\/uploads\/2024\/05\/Front-view-camera.webp","type":"","width":"","height":""}],"twitter_card":"summary_large_image","twitter_misc":{"Tiempo de lectura":"1 minuto"},"schema":{"@context":"https:\/\/schema.org","@graph":[{"@type":"WebPage","@id":"https:\/\/www.omsbressan.eu\/es\/front-view-camera-2\/","url":"https:\/\/www.omsbressan.eu\/es\/front-view-camera-2\/","name":"C\u00e1mara de visi\u00f3n delantera - OMS Bressan","isPartOf":{"@id":"https:\/\/www.omsbressan.eu\/#website"},"primaryImageOfPage":{"@id":"https:\/\/www.omsbressan.eu\/es\/front-view-camera-2\/#primaryimage"},"image":{"@id":"https:\/\/www.omsbressan.eu\/es\/front-view-camera-2\/#primaryimage"},"thumbnailUrl":"https:\/\/www.omsbressan.eu\/wp-content\/uploads\/2024\/05\/Front-view-camera.webp","datePublished":"2024-05-28T10:09:37+00:00","dateModified":"2024-05-28T10:11:54+00:00","breadcrumb":{"@id":"https:\/\/www.omsbressan.eu\/es\/front-view-camera-2\/#breadcrumb"},"inLanguage":"es","potentialAction":[{"@type":"ReadAction","target":["https:\/\/www.omsbressan.eu\/es\/front-view-camera-2\/"]}]},{"@type":"ImageObject","inLanguage":"es","@id":"https:\/\/www.omsbressan.eu\/es\/front-view-camera-2\/#primaryimage","url":"https:\/\/www.omsbressan.eu\/wp-content\/uploads\/2024\/05\/Front-view-camera.webp","contentUrl":"https:\/\/www.omsbressan.eu\/wp-content\/uploads\/2024\/05\/Front-view-camera.webp"},{"@type":"BreadcrumbList","@id":"https:\/\/www.omsbressan.eu\/es\/front-view-camera-2\/#breadcrumb","itemListElement":[{"@type":"ListItem","position":1,"name":"Home","item":"https:\/\/www.omsbressan.eu\/it\/"},{"@type":"ListItem","position":2,"name":"Front view camera"}]},{"@type":"WebSite","@id":"https:\/\/www.omsbressan.eu\/#website","url":"https:\/\/www.omsbressan.eu\/","name":"OMS Bressan","description":"","publisher":{"@id":"https:\/\/www.omsbressan.eu\/#organization"},"potentialAction":[{"@type":"SearchAction","target":{"@type":"EntryPoint","urlTemplate":"https:\/\/www.omsbressan.eu\/?s={search_term_string}"},"query-input":{"@type":"PropertyValueSpecification","valueRequired":true,"valueName":"search_term_string"}}],"inLanguage":"es"},{"@type":"Organization","@id":"https:\/\/www.omsbressan.eu\/#organization","name":"OMS Bressan","url":"https:\/\/www.omsbressan.eu\/","logo":{"@type":"ImageObject","inLanguage":"es","@id":"https:\/\/www.omsbressan.eu\/#\/schema\/logo\/image\/","url":"https:\/\/www.omsbressan.eu\/wp-content\/uploads\/2021\/03\/LOGO_OMS_.webp","contentUrl":"https:\/\/www.omsbressan.eu\/wp-content\/uploads\/2021\/03\/LOGO_OMS_.webp","width":1920,"height":623,"caption":"OMS Bressan"},"image":{"@id":"https:\/\/www.omsbressan.eu\/#\/schema\/logo\/image\/"}}]}},"_links":{"self":[{"href":"https:\/\/www.omsbressan.eu\/es\/wp-json\/wp\/v2\/pages\/2530","targetHints":{"allow":["GET"]}}],"collection":[{"href":"https:\/\/www.omsbressan.eu\/es\/wp-json\/wp\/v2\/pages"}],"about":[{"href":"https:\/\/www.omsbressan.eu\/es\/wp-json\/wp\/v2\/types\/page"}],"author":[{"embeddable":true,"href":"https:\/\/www.omsbressan.eu\/es\/wp-json\/wp\/v2\/users\/1"}],"replies":[{"embeddable":true,"href":"https:\/\/www.omsbressan.eu\/es\/wp-json\/wp\/v2\/comments?post=2530"}],"version-history":[{"count":4,"href":"https:\/\/www.omsbressan.eu\/es\/wp-json\/wp\/v2\/pages\/2530\/revisions"}],"predecessor-version":[{"id":2534,"href":"https:\/\/www.omsbressan.eu\/es\/wp-json\/wp\/v2\/pages\/2530\/revisions\/2534"}],"wp:attachment":[{"href":"https:\/\/www.omsbressan.eu\/es\/wp-json\/wp\/v2\/media?parent=2530"}],"curies":[{"name":"wp","href":"https:\/\/api.w.org\/{rel}","templated":true}]}}